{"id":3,"date":"2024-03-07T14:57:12","date_gmt":"2024-03-07T14:57:12","guid":{"rendered":"http:\/\/aha-life-coaching.com\/?page_id=3"},"modified":"2024-07-14T09:06:23","modified_gmt":"2024-07-14T09:06:23","slug":"privacy-policy","status":"publish","type":"page","link":"https:\/\/aha-life-coaching.com\/de\/privacy-policy\/","title":{"rendered":"Datenschutzerkl\u00e4rung"},"content":{"rendered":"<h2 class=\"wp-block-heading\">Wer wir sind<\/h2>\r\n\r\n\r\n\r\n<p>Die Adresse unserer Website lautet: https:\/\/aha-life-coaching.com.<\/p>\r\n\r\n\r\n\r\n<h2 class=\"wp-block-heading\">Kommentare<\/h2>\r\n\r\n\r\n\r\n<p>Wenn Besucher Kommentare auf der Website hinterlassen, sammeln wir die Daten, die im Kommentarformular angezeigt werden, sowie die IP-Adresse des Besuchers und den User-Agent-String des Browsers, um die Erkennung von Spam zu unterst\u00fctzen.<\/p>\r\n\r\n\r\n\r\n<p>Eine anonymisierte Zeichenfolge, die aus Ihrer E-Mail-Adresse erstellt wird (auch als Hash bezeichnet), kann dem Gravatar-Dienst zur Verf\u00fcgung gestellt werden, um zu \u00fcberpr\u00fcfen, ob Sie diesen Dienst nutzen. Die Datenschutzerkl\u00e4rung des Gravatar-Dienstes finden Sie hier: https:\/\/automattic.com\/privacy\/. Nach der Freigabe Ihres Kommentars wird Ihr Profilbild im Kontext Ihres Kommentars \u00f6ffentlich sichtbar.<\/p>\r\n\r\n\r\n\r\n<h2 class=\"wp-block-heading\">Medien<\/h2>\r\n\r\n\r\n\r\n<p>Wenn Sie Bilder auf die Website hochladen, sollten Sie vermeiden, Bilder hochzuladen, die eingebettete Standortdaten (EXIF GPS) enthalten. Besucher der Website k\u00f6nnen die Bilder herunterladen und die darin enthaltenen Standortdaten extrahieren.<\/p>\r\n\r\n\r\n\r\n<h2 class=\"wp-block-heading\">Cookies<\/h2>\r\n\r\n\r\n\r\n<p>Wenn Sie einen Kommentar auf unserer Website hinterlassen, k\u00f6nnen Sie sich entscheiden, Ihren Namen, Ihre E-Mail-Adresse und Ihre Website in Cookies zu speichern. Diese dienen zu Ihrem Komfort, sodass Sie Ihre Daten nicht erneut eingeben m\u00fcssen, wenn Sie einen weiteren Kommentar hinterlassen. Diese Cookies bleiben ein Jahr lang gespeichert.<\/p>\r\n\r\n\r\n\r\n<p>Wenn Sie unsere Login-Seite besuchen, setzen wir ein tempor\u00e4res Cookie, um festzustellen, ob Ihr Browser Cookies akzeptiert. Dieses Cookie enth\u00e4lt keine pers\u00f6nlichen Daten und wird gel\u00f6scht, wenn Sie Ihren Browser schlie\u00dfen.<\/p>\r\n\r\n\r\n\r\n<p>Wenn Sie sich anmelden, richten wir mehrere Cookies ein, um Ihre Anmeldeinformationen und Anzeigeeinstellungen zu speichern. Anmelde-Cookies bleiben zwei Tage lang bestehen, und Cookies f\u00fcr Anzeigeoptionen bleiben ein Jahr lang gespeichert. Wenn Sie \u201eAngemeldet bleiben\u201c w\u00e4hlen, bleibt Ihre Anmeldung zwei Wochen lang bestehen. Wenn Sie sich aus Ihrem Konto abmelden, werden die Anmelde-Cookies entfernt.<\/p>\r\n\r\n\r\n\r\n<p>Wenn Sie einen Artikel bearbeiten oder ver\u00f6ffentlichen, wird ein zus\u00e4tzliches Cookie in Ihrem Browser gespeichert. Dieses Cookie enth\u00e4lt keine pers\u00f6nlichen Daten und gibt lediglich die Beitrags-ID des Artikels an, den Sie gerade bearbeitet haben. Es verf\u00e4llt nach einem Tag.<\/p>\r\n\r\n\r\n\r\n<h2 class=\"wp-block-heading\">Eingebettete Inhalte von anderen Websites<\/h2>\r\n\r\n\r\n\r\n<p>Beitr\u00e4ge auf dieser Website k\u00f6nnen eingebettete Inhalte enthalten (z. B. Videos, Bilder, Artikel usw.). Eingebettete Inhalte von anderen Websites verhalten sich genau so, als ob der Besucher die andere Website direkt besucht h\u00e4tte.<\/p>\r\n\r\n\r\n\r\n<p>Diese Websites k\u00f6nnen Daten \u00fcber Sie sammeln, Cookies verwenden, zus\u00e4tzliche Tracking-Dienste von Drittanbietern einbetten und Ihre Interaktion mit diesem eingebetteten Inhalt \u00fcberwachen, einschlie\u00dflich der Verfolgung Ihrer Interaktion mit dem eingebetteten Inhalt, falls Sie ein Konto haben und auf dieser Website angemeldet sind.<\/p>\r\n\r\n\r\n\r\n<h2 class=\"wp-block-heading\">Mit wem wir Ihre Daten teilen<\/h2>\r\n\r\n\r\n\r\n<p>Wenn Sie ein Zur\u00fccksetzen des Passworts anfordern, wird Ihre IP-Adresse in der E-Mail zum Zur\u00fccksetzen des Passworts enthalten sein.<\/p>\r\n\r\n\r\n\r\n<h2 class=\"wp-block-heading\">Wie lange wir Ihre Daten speichern<\/h2>\r\n\r\n\r\n\r\n<p>Wenn Sie einen Kommentar hinterlassen, werden der Kommentar und seine Metadaten unbegrenzt gespeichert. Dies dient dazu, dass wir Folgekommentare automatisch erkennen und freigeben k\u00f6nnen, anstatt sie in einer Moderationswarteschlange zu halten.<\/p>\r\n\r\n\r\n\r\n<p>F\u00fcr Benutzer, die sich auf unserer Website registrieren (falls vorhanden), speichern wir auch die pers\u00f6nlichen Informationen, die sie in ihrem Benutzerprofil angeben. Alle Benutzer k\u00f6nnen ihre pers\u00f6nlichen Informationen jederzeit einsehen, bearbeiten oder l\u00f6schen (au\u00dfer sie k\u00f6nnen ihren Benutzernamen nicht \u00e4ndern). Website-Administratoren k\u00f6nnen diese Informationen ebenfalls einsehen und bearbeiten.<\/p>\r\n\r\n\r\n\r\n<h2 class=\"wp-block-heading\">Welche Rechte Sie an Ihren Daten haben<\/h2>\r\n\r\n\r\n\r\n<p>Wenn Sie ein Konto auf dieser Website haben oder Kommentare hinterlassen haben, k\u00f6nnen Sie eine Exportdatei der pers\u00f6nlichen Daten, die wir \u00fcber Sie gespeichert haben, einschlie\u00dflich aller Daten, die Sie uns bereitgestellt haben, anfordern. Sie k\u00f6nnen auch verlangen, dass wir alle pers\u00f6nlichen Daten, die wir von Ihnen gespeichert haben, l\u00f6schen. Dies umfasst keine Daten, die wir aus administrativen, rechtlichen oder sicherheitsrelevanten Gr\u00fcnden aufbewahren m\u00fcssen.<\/p>\r\n\r\n\r\n\r\n<h2 class=\"wp-block-heading\">Wohin Ihre Daten gesendet werden<\/h2>\r\n\r\n\r\n\r\n<p><strong class=\"privacy-policy-tutorial\">\u00a0<\/strong>Besucherkommentare k\u00f6nnen durch einen automatisierten Spam-Erkennungsdienst \u00fcberpr\u00fcft werden.<\/p>","protected":false},"excerpt":{"rendered":"<p>Who we are Our website address is: https:\/\/aha-life-coaching.com. Comments When visitors leave comments on the site we collect the data  &#8230;<\/p>","protected":false},"author":1,"featured_media":0,"parent":0,"menu_order":0,"comment_status":"closed","ping_status":"open","template":"","meta":{"footnotes":""},"class_list":["post-3","page","type-page","status-publish","hentry"],"_links":{"self":[{"href":"https:\/\/aha-life-coaching.com\/de\/wp-json\/wp\/v2\/pages\/3","targetHints":{"allow":["GET"]}}],"collection":[{"href":"https:\/\/aha-life-coaching.com\/de\/wp-json\/wp\/v2\/pages"}],"about":[{"href":"https:\/\/aha-life-coaching.com\/de\/wp-json\/wp\/v2\/types\/page"}],"author":[{"embeddable":true,"href":"https:\/\/aha-life-coaching.com\/de\/wp-json\/wp\/v2\/users\/1"}],"replies":[{"embeddable":true,"href":"https:\/\/aha-life-coaching.com\/de\/wp-json\/wp\/v2\/comments?post=3"}],"version-history":[{"count":2,"href":"https:\/\/aha-life-coaching.com\/de\/wp-json\/wp\/v2\/pages\/3\/revisions"}],"predecessor-version":[{"id":3359,"href":"https:\/\/aha-life-coaching.com\/de\/wp-json\/wp\/v2\/pages\/3\/revisions\/3359"}],"wp:attachment":[{"href":"https:\/\/aha-life-coaching.com\/de\/wp-json\/wp\/v2\/media?parent=3"}],"curies":[{"name":"wp","href":"https:\/\/api.w.org\/{rel}","templated":true}]}}