{"id":1950,"date":"2024-04-08T11:11:38","date_gmt":"2024-04-08T11:11:38","guid":{"rendered":"https:\/\/aha-life-coaching.com\/?page_id=1950"},"modified":"2024-04-29T21:56:21","modified_gmt":"2024-04-29T21:56:21","slug":"terms-of-use","status":"publish","type":"page","link":"https:\/\/aha-life-coaching.com\/de\/terms-of-use\/","title":{"rendered":"AGBs"},"content":{"rendered":"<div class=\"fusion-fullwidth fullwidth-box fusion-builder-row-1 fusion-flex-container nonhundred-percent-fullwidth non-hundred-percent-height-scrolling\" style=\"--awb-border-radius-top-left:0px;--awb-border-radius-top-right:0px;--awb-border-radius-bottom-right:0px;--awb-border-radius-bottom-left:0px;--awb-flex-wrap:wrap;\" ><div class=\"fusion-builder-row fusion-row fusion-flex-align-items-flex-start fusion-flex-content-wrap\" style=\"max-width:1248px;margin-left: calc(-4% \/ 2 );margin-right: calc(-4% \/ 2 );\"><div class=\"fusion-layout-column fusion_builder_column fusion-builder-column-0 fusion_builder_column_1_1 1_1 fusion-flex-column\" style=\"--awb-bg-size:cover;--awb-width-large:100%;--awb-margin-top-large:0px;--awb-spacing-right-large:1.92%;--awb-margin-bottom-large:0px;--awb-spacing-left-large:1.92%;--awb-width-medium:100%;--awb-spacing-right-medium:1.92%;--awb-spacing-left-medium:1.92%;--awb-width-small:100%;--awb-spacing-right-small:1.92%;--awb-spacing-left-small:1.92%;\"><div class=\"fusion-column-wrapper fusion-flex-justify-content-flex-start fusion-content-layout-column\"><div class=\"fusion-text fusion-text-1\"><\/p>\n<h2 class=\"wp-block-heading\">AGBs:<\/h2>\n<h2><b>1.Leistungsumfang:<span class=\"Apple-converted-space\"> <\/span><\/b><\/h2>\n<p>1.1. Der Coach bietet Coaching-Sitzungen unter Verwendung von Hypnose, EMDR (Eye Movement Desensitization and Reprocessing) und NLP (Neurolinguistisches Programmieren) an.<span class=\"Apple-converted-space\"> <\/span><\/p>\n<p>1.2. Die Coaching-Sitzungen dienen ausschlie\u00dflich dem pers\u00f6nlichen Wachstum, der Pers\u00f6nlichkeitsentwicklung und der Verbesserung der Lebensqualit\u00e4t des Klienten.<span class=\"Apple-converted-space\"> <\/span><\/p>\n<p>1.3. Es wird ausdr\u00fccklich darauf hingewiesen, dass der Coach keine medizinischen Behandlungen durchf\u00fchrt und keine Heilversprechen abgibt.<span class=\"Apple-converted-space\"> <\/span><\/p>\n<p>1.4. Der Coach beh\u00e4lt sich das Recht vor, die Coaching-Sitzungen nach eigenem Ermessen anzupassen oder abzubrechen, wenn er der Ansicht ist, dass dies im besten Interesse des Klienten liegt.\n<br><br>\n1.5. Der Klient wird darauf hingewiesen, dass Coaching ein kooperativer Prozess ist, der aktive Mitarbeit erfordert. Der Erfolg des Coachings h\u00e4ngt ma\u00dfgeblich von der Bereitschaft des Klienten ab, sich mit den vorgeschlagenen Methoden und \u00dcbungen auseinanderzusetzen. Sollte der Coach feststellen, dass die Ziele nicht erreicht werden k\u00f6nnen, wird ein gemeinsames Gespr\u00e4ch zur Neuausrichtung des Coachings gef\u00fchrt.<\/p>\n<\/p>\n<h2><b>2.Haftungsausschluss:<span class=\"Apple-converted-space\"> <\/span><\/b><\/h2>\n<p>2.1. Der Coach \u00fcbernimmt keine Verantwortung f\u00fcr die Ergebnisse der Coaching-Sitzungen.<span class=\"Apple-converted-space\"> <\/span><\/p>\n<p>2.2. Jegliche Aussagen oder Einsch\u00e4tzungen des Coaches sind Empfehlungen nach bestem Wissen und Gewissen und sollten nicht als Garantie f\u00fcr bestimmte Ergebnisse angesehen werden.<span class=\"Apple-converted-space\"> <\/span><\/p>\n<p>2.3. Der Klient ist f\u00fcr sein eigenes Handeln und seine eigenen Entscheidungen w\u00e4hrend und nach den Coaching-Sitzungen allein verantwortlich.<span class=\"Apple-converted-space\"> <\/span><\/p>\n<p>2.4. Der Coach haftet nicht f\u00fcr eventuelle Sch\u00e4den oder Verluste, die dem Klienten durch die Teilnahme an den Coaching-Sitzungen entstehen k\u00f6nnten.<\/p>\n<\/p>\n<h2><b>3.Vertraulichkeit:<span class=\"Apple-converted-space\"> <\/span><\/b><\/h2>\n<p>3.1. Alle Informationen, die im Rahmen der Coaching-Sitzungen besprochen werden, unterliegen der strengen Vertraulichkeit und werden nicht an Dritte weitergegeben, es sei denn, der Klient gibt ausdr\u00fccklich seine Zustimmung.<span class=\"Apple-converted-space\"> <\/span><\/p>\n<p>3.2. Der Coach beh\u00e4lt sich das Recht vor, anonymisierte Informationen aus den Coaching-Sitzungen zu verwenden, um Forschungszwecke oder Fallstudien zu unterst\u00fctzen, sofern der Klient dem schriftlich zustimmt.<\/p>\n<\/p>\n<h2><b>4.Zahlungsbedingungen:<span class=\"Apple-converted-space\"> <\/span><\/b><\/h2>\n<p>4.1. Die Bezahlung der Coaching-Sitzungen erfolgt im Voraus oder nach Vereinbarung zwischen dem Coach und dem Klienten.<span class=\"Apple-converted-space\"> <\/span><\/p>\n<p>4.2. Bei Absage oder Verschiebung eines Termins durch den Klienten ist der volle Betrag f\u00fcr die gebuchte Sitzung dennoch f\u00e4llig, es sei denn, es wurde eine andere Vereinbarung getroffen.<span class=\"Apple-converted-space\"> <\/span><\/p>\n<p>4.3. Bei Zahlungsverzug ist der Coach berechtigt, Verzugszinsen in H\u00f6he von 5 Prozentpunkten \u00fcber dem jeweiligen Basiszinssatz der Europ\u00e4ischen Zentralbank zu berechnen. Zudem kann der Coach nach erfolglosem Ablauf einer angemessenen Nachfrist den Vertrag k\u00fcndigen.<\/p>\n<\/p>\n<h2><b>5.Stornierungsbedingungen:<span class=\"Apple-converted-space\"> <\/span><\/b><\/h2>\n<p>5.1. Stornierungen oder Terminverschiebungen m\u00fcssen mindestens zwei Werktage vor dem vereinbarten Termin erfolgen, ansonsten wird die volle Geb\u00fchr f\u00fcr die gebuchte Sitzung f\u00e4llig.\n<br><br>\n5.2. Im Falle einer pl\u00f6tzlichen Krankheit oder eines Notfalls, der die Teilnahme an der Sitzung unm\u00f6glich macht, entf\u00e4llt die Stornierungsgeb\u00fchr, sofern der Klient unverz\u00fcglich, sp\u00e4testens jedoch innerhalb von 12 Stunden nach Bekanntwerden des Hinderungsgrundes, den Coach informiert und einen \u00e4rztlichen Nachweis erbringt.<\/p>\n<\/p>\n<h2><b>6.Salvatorische Klausel:<span class=\"Apple-converted-space\"> <\/span><\/b><\/h2>\n<p>6.1. Sollte eine Bestimmung dieser AGB ganz oder teilweise unwirksam sein oder werden, so bleibt die Wirksamkeit der \u00fcbrigen Bestimmungen davon unber\u00fchrt.<\/p>\n<\/p>\n<h2><b>7.Gerichtsstand und anwendbares Recht:<span class=\"Apple-converted-space\"> <\/span><\/b><\/h2>\n<p>7.1. Diese AGB unterliegen dem Recht der Bundesrepublik Deutschland.<span class=\"Apple-converted-space\"> <\/span><\/p>\n<p>7.2. F\u00fcr alle Streitigkeiten aus oder im Zusammenhang mit diesen AGB wird als ausschlie\u00dflicher Gerichtsstand Berlin vereinbart.\n<br><br>\n7.3. Vor der Anrufung eines Gerichts verpflichten sich beide Parteien, in einem Mediationsverfahren zu versuchen, den Streitfall g\u00fctlich zu regeln. Das Mediationsverfahren kann von jeder Partei initiiert werden.<\/p>\n<p>Diese AGB stellen die Grundlage f\u00fcr die Zusammenarbeit zwischen dem Coach und dem Klienten dar. Mit der Buchung einer Coaching-Sitzung erkl\u00e4rt sich der Klient mit diesen Bedingungen einverstanden.<\/p><\/p>\n<\/div><\/div><\/div><\/div><\/div>","protected":false},"excerpt":{"rendered":"","protected":false},"author":2,"featured_media":0,"parent":0,"menu_order":0,"comment_status":"closed","ping_status":"open","template":"","meta":{"footnotes":""},"class_list":["post-1950","page","type-page","status-publish","hentry"],"_links":{"self":[{"href":"https:\/\/aha-life-coaching.com\/de\/wp-json\/wp\/v2\/pages\/1950","targetHints":{"allow":["GET"]}}],"collection":[{"href":"https:\/\/aha-life-coaching.com\/de\/wp-json\/wp\/v2\/pages"}],"about":[{"href":"https:\/\/aha-life-coaching.com\/de\/wp-json\/wp\/v2\/types\/page"}],"author":[{"embeddable":true,"href":"https:\/\/aha-life-coaching.com\/de\/wp-json\/wp\/v2\/users\/2"}],"replies":[{"embeddable":true,"href":"https:\/\/aha-life-coaching.com\/de\/wp-json\/wp\/v2\/comments?post=1950"}],"version-history":[{"count":6,"href":"https:\/\/aha-life-coaching.com\/de\/wp-json\/wp\/v2\/pages\/1950\/revisions"}],"predecessor-version":[{"id":2592,"href":"https:\/\/aha-life-coaching.com\/de\/wp-json\/wp\/v2\/pages\/1950\/revisions\/2592"}],"wp:attachment":[{"href":"https:\/\/aha-life-coaching.com\/de\/wp-json\/wp\/v2\/media?parent=1950"}],"curies":[{"name":"wp","href":"https:\/\/api.w.org\/{rel}","templated":true}]}}